{"id":4589,"date":"2012-02-28T09:21:01","date_gmt":"2012-02-28T08:21:01","guid":{"rendered":"http:\/\/www.weinstrassesued.com\/?page_id=4589"},"modified":"2012-02-28T09:24:45","modified_gmt":"2012-02-28T08:24:45","slug":"hinrunde-4","status":"publish","type":"page","link":"http:\/\/www.weinstrassesued.com\/?page_id=4589","title":{"rendered":"Hinrunde"},"content":{"rendered":"<p>&nbsp;<\/p>\n\n\n\n<table style=\"width: 100%\" class=\"leaguemanager standingstable\" summary=\"\" title=\"Tabelle\">\n<tr>\n\t<th class=\"num\">Pos<\/th>\n\t<th class=\"num\">&#160;<\/th>\n\t\n\t<th>Mannschaft<\/th>\n\t\t\t\t\t\t<th class=\"num\">Pkt<\/th>\n<\/tr>\n\n<tr class='alternate'>\n\t<td class='rank'>1<\/td>\n\t<td class=\"num\">&#8226;<\/td>\n\t\n\t<td><a href=\"http:\/\/www.weinstrassesued.com\/?page_id=4589&team=761\">Ahrntal<\/a><\/td>\n\t\t\t\t\t\t<td class='num'><\/td>\n<\/tr>\n\n<tr class=''>\n\t<td class='rank'>2<\/td>\n\t<td class=\"num\">&#8226;<\/td>\n\t\n\t<td><a href=\"http:\/\/www.weinstrassesued.com\/?page_id=4589&team=774\">Albeins<\/a><\/td>\n\t\t\t\t\t\t<td class='num'><\/td>\n<\/tr>\n\n<tr class='alternate'>\n\t<td class='rank'>3<\/td>\n\t<td class=\"num\">&#8226;<\/td>\n\t\n\t<td><a href=\"http:\/\/www.weinstrassesued.com\/?page_id=4589&team=762\">Bozner FC<\/a><\/td>\n\t\t\t\t\t\t<td class='num'><\/td>\n<\/tr>\n\n<tr class=''>\n\t<td class='rank'>4<\/td>\n\t<td class=\"num\">&#8226;<\/td>\n\t\n\t<td><a href=\"http:\/\/www.weinstrassesued.com\/?page_id=4589&team=764\">Bruneck<\/a><\/td>\n\t\t\t\t\t\t<td class='num'><\/td>\n<\/tr>\n\n<tr class='alternate'>\n\t<td class='rank'>5<\/td>\n\t<td class=\"num\">&#8226;<\/td>\n\t\n\t<td><a href=\"http:\/\/www.weinstrassesued.com\/?page_id=4589&team=763\">Kaltern<\/a><\/td>\n\t\t\t\t\t\t<td class='num'><\/td>\n<\/tr>\n\n<tr class=''>\n\t<td class='rank'>6<\/td>\n\t<td class=\"num\">&#8226;<\/td>\n\t\n\t<td><a href=\"http:\/\/www.weinstrassesued.com\/?page_id=4589&team=773\">Latsch<\/a><\/td>\n\t\t\t\t\t\t<td class='num'><\/td>\n<\/tr>\n\n<tr class='alternate'>\n\t<td class='rank'>7<\/td>\n\t<td class=\"num\">&#8226;<\/td>\n\t\n\t<td><a href=\"http:\/\/www.weinstrassesued.com\/?page_id=4589&team=771\">Latzfons-Verdings<\/a><\/td>\n\t\t\t\t\t\t<td class='num'><\/td>\n<\/tr>\n\n<tr class=''>\n\t<td class='rank'>8<\/td>\n\t<td class=\"num\">&#8226;<\/td>\n\t\n\t<td><a href=\"http:\/\/www.weinstrassesued.com\/?page_id=4589&team=768\">Leifers<\/a><\/td>\n\t\t\t\t\t\t<td class='num'><\/td>\n<\/tr>\n\n<tr class='alternate'>\n\t<td class='rank'>9<\/td>\n\t<td class=\"num\">&#8226;<\/td>\n\t\n\t<td><a href=\"http:\/\/www.weinstrassesued.com\/?page_id=4589&team=766\">Milland<\/a><\/td>\n\t\t\t\t\t\t<td class='num'><\/td>\n<\/tr>\n\n<tr class=''>\n\t<td class='rank'>10<\/td>\n\t<td class=\"num\">&#8226;<\/td>\n\t\n\t<td><a href=\"http:\/\/www.weinstrassesued.com\/?page_id=4589&team=775\">Partschins<\/a><\/td>\n\t\t\t\t\t\t<td class='num'><\/td>\n<\/tr>\n\n<tr class='alternate'>\n\t<td class='rank'>11<\/td>\n\t<td class=\"num\">&#8226;<\/td>\n\t\n\t<td><a href=\"http:\/\/www.weinstrassesued.com\/?page_id=4589&team=765\">Passeier<\/a><\/td>\n\t\t\t\t\t\t<td class='num'><\/td>\n<\/tr>\n\n<tr class=''>\n\t<td class='rank'>12<\/td>\n\t<td class=\"num\">&#8226;<\/td>\n\t\n\t<td><a href=\"http:\/\/www.weinstrassesued.com\/?page_id=4589&team=760\">SSV Weinstrasse S\u00fcd<\/a><\/td>\n\t\t\t\t\t\t<td class='num'><\/td>\n<\/tr>\n\n<tr class='alternate'>\n\t<td class='rank'>13<\/td>\n\t<td class=\"num\">&#8226;<\/td>\n\t\n\t<td><a href=\"http:\/\/www.weinstrassesued.com\/?page_id=4589&team=767\">Salurn<\/a><\/td>\n\t\t\t\t\t\t<td class='num'><\/td>\n<\/tr>\n\n<tr class=''>\n\t<td class='rank'>14<\/td>\n\t<td class=\"num\">&#8226;<\/td>\n\t\n\t<td><a href=\"http:\/\/www.weinstrassesued.com\/?page_id=4589&team=770\">Schlern<\/a><\/td>\n\t\t\t\t\t\t<td class='num'><\/td>\n<\/tr>\n\n<tr class='alternate'>\n\t<td class='rank'>15<\/td>\n\t<td class=\"num\">&#8226;<\/td>\n\t\n\t<td><a href=\"http:\/\/www.weinstrassesued.com\/?page_id=4589&team=772\">Stegen<\/a><\/td>\n\t\t\t\t\t\t<td class='num'><\/td>\n<\/tr>\n\n<tr class=''>\n\t<td class='rank'>16<\/td>\n\t<td class=\"num\">&#8226;<\/td>\n\t\n\t<td><a href=\"http:\/\/www.weinstrassesued.com\/?page_id=4589&team=769\">Terlan<\/a><\/td>\n\t\t\t\t\t\t<td class='num'><\/td>\n<\/tr>\n<\/table>\n\n\n<p>Bolzano Bozen 1996 hat sich aus der laufenden Meisterschaft zur\u00fcckgezogen!!<br \/>\nPool Leifers spielt au\u00dfer Konkurrenz<br \/>\nBozner spielt au\u00dfer Konkurrenz<\/p>\n<p><strong>Effektive Tabelle:<\/strong><\/p>\n<table width=\"584\" border=\"0\" cellspacing=\"0\" cellpadding=\"0\">\n<tbody>\n<tr>\n<td>\n<p align=\"center\"><strong>Pl<\/strong><\/p>\n<\/td>\n<td><strong>Mannschaft<\/strong><\/td>\n<td>\n<p align=\"center\"><strong>Sp<\/strong><\/p>\n<\/td>\n<td>\n<p align=\"center\"><strong>S<\/strong><\/p>\n<\/td>\n<td>\n<p align=\"center\"><strong>U<\/strong><\/p>\n<\/td>\n<td>\n<p align=\"center\"><strong>N<\/strong><\/p>\n<\/td>\n<td>\n<p align=\"center\"><strong>Tore<\/strong><\/p>\n<\/td>\n<td>\n<p align=\"center\"><strong>+\/-<\/strong><\/p>\n<\/td>\n<td>\n<p align=\"center\"><strong>P<\/strong><\/p>\n<\/td>\n<\/tr>\n<tr>\n<td>\n<p align=\"center\">1<\/p>\n<\/td>\n<td>Virtus DB<\/td>\n<td>\n<p align=\"center\">12<\/p>\n<\/td>\n<td>\n<p align=\"center\">8<\/p>\n<\/td>\n<td>\n<p align=\"center\">0<\/p>\n<\/td>\n<td>\n<p align=\"center\">2<\/p>\n<\/td>\n<td>\n<p align=\"center\">36:11<\/p>\n<\/td>\n<td>\n<p align=\"center\">25<\/p>\n<\/td>\n<td>\n<p align=\"center\">24<\/p>\n<\/td>\n<\/tr>\n<tr>\n<td>\n<p align=\"center\">2<\/p>\n<\/td>\n<td>Salurn<\/td>\n<td>\n<p align=\"center\">12<\/p>\n<\/td>\n<td>\n<p align=\"center\">7<\/p>\n<\/td>\n<td>\n<p align=\"center\">2<\/p>\n<\/td>\n<td>\n<p align=\"center\">1<\/p>\n<\/td>\n<td>\n<p align=\"center\">27:9<\/p>\n<\/td>\n<td>\n<p align=\"center\">17<\/p>\n<\/td>\n<td>\n<p align=\"center\">23<\/p>\n<\/td>\n<\/tr>\n<tr>\n<td>\n<p align=\"center\">3<\/p>\n<\/td>\n<td>Atletico Bozen<\/td>\n<td>\n<p align=\"center\">12<\/p>\n<\/td>\n<td>\n<p align=\"center\">7<\/p>\n<\/td>\n<td>\n<p align=\"center\">1<\/p>\n<\/td>\n<td>\n<p align=\"center\">2<\/p>\n<\/td>\n<td>\n<p align=\"center\">33:14<\/p>\n<\/td>\n<td>\n<p align=\"center\">19<\/p>\n<\/td>\n<td>\n<p align=\"center\">22<\/p>\n<\/td>\n<\/tr>\n<tr>\n<td>\n<p align=\"center\">4<\/p>\n<\/td>\n<td>Terlan<\/td>\n<td>\n<p align=\"center\">12<\/p>\n<\/td>\n<td>\n<p align=\"center\">6<\/p>\n<\/td>\n<td>\n<p align=\"center\">1<\/p>\n<\/td>\n<td>\n<p align=\"center\">3<\/p>\n<\/td>\n<td>\n<p align=\"center\">33:14<\/p>\n<\/td>\n<td>\n<p align=\"center\">19<\/p>\n<\/td>\n<td>\n<p align=\"center\">19<\/p>\n<\/td>\n<\/tr>\n<tr>\n<td>\n<p align=\"center\">5<\/p>\n<\/td>\n<td>Neugries<\/td>\n<td>\n<p align=\"center\">12<\/p>\n<\/td>\n<td>\n<p align=\"center\">6<\/p>\n<\/td>\n<td>\n<p align=\"center\">1<\/p>\n<\/td>\n<td>\n<p align=\"center\">3<\/p>\n<\/td>\n<td>\n<p align=\"center\">29:14<\/p>\n<\/td>\n<td>\n<p align=\"center\">15<\/p>\n<\/td>\n<td>\n<p align=\"center\">19<\/p>\n<\/td>\n<\/tr>\n<tr>\n<td>\n<p align=\"center\"><span style=\"color: #ff0000;\"><strong>6<\/strong><\/span><\/p>\n<\/td>\n<td><span style=\"color: #ff0000;\"><strong>Margreid_Weinstrasse S\u00fcd<\/strong><\/span><\/td>\n<td>\n<p align=\"center\"><span style=\"color: #ff0000;\"><strong>12<\/strong><\/span><\/p>\n<\/td>\n<td>\n<p align=\"center\"><span style=\"color: #ff0000;\"><strong>5<\/strong><\/span><\/p>\n<\/td>\n<td>\n<p align=\"center\"><span style=\"color: #ff0000;\"><strong>2<\/strong><\/span><\/p>\n<\/td>\n<td>\n<p align=\"center\"><span style=\"color: #ff0000;\"><strong>3<\/strong><\/span><\/p>\n<\/td>\n<td>\n<p align=\"center\"><span style=\"color: #ff0000;\"><strong>19:16<\/strong><\/span><\/p>\n<\/td>\n<td>\n<p align=\"center\"><span style=\"color: #ff0000;\"><strong>3<\/strong><\/span><\/p>\n<\/td>\n<td>\n<p align=\"center\"><span style=\"color: #ff0000;\"><strong>17<\/strong><\/span><\/p>\n<\/td>\n<\/tr>\n<tr>\n<td>\n<p align=\"center\">7<\/p>\n<\/td>\n<td>Napoli Club<\/td>\n<td>\n<p align=\"center\">12<\/p>\n<\/td>\n<td>\n<p align=\"center\">5<\/p>\n<\/td>\n<td>\n<p align=\"center\">1<\/p>\n<\/td>\n<td>\n<p align=\"center\">4<\/p>\n<\/td>\n<td>\n<p align=\"center\">20:24<\/p>\n<\/td>\n<td>\n<p align=\"center\">-4<\/p>\n<\/td>\n<td>\n<p align=\"center\">16<\/p>\n<\/td>\n<\/tr>\n<tr>\n<td>\n<p align=\"center\">8<\/p>\n<\/td>\n<td>Kaltern<\/td>\n<td>\n<p align=\"center\">12<\/p>\n<\/td>\n<td>\n<p align=\"center\">3<\/p>\n<\/td>\n<td>\n<p align=\"center\">0<\/p>\n<\/td>\n<td>\n<p align=\"center\">7<\/p>\n<\/td>\n<td>\n<p align=\"center\">15:25<\/p>\n<\/td>\n<td>\n<p align=\"center\">-10<\/p>\n<\/td>\n<td>\n<p align=\"center\">9<\/p>\n<\/td>\n<\/tr>\n<tr>\n<td>\n<p align=\"center\">9<\/p>\n<\/td>\n<td>Branzoll<\/td>\n<td>\n<p align=\"center\">12<\/p>\n<\/td>\n<td>\n<p align=\"center\">2<\/p>\n<\/td>\n<td>\n<p align=\"center\">1<\/p>\n<\/td>\n<td>\n<p align=\"center\">7<\/p>\n<\/td>\n<td>\n<p align=\"center\">14:27<\/p>\n<\/td>\n<td>\n<p align=\"center\">-13<\/p>\n<\/td>\n<td>\n<p align=\"center\">7<\/p>\n<\/td>\n<\/tr>\n<tr>\n<td>\n<p align=\"center\">10<\/p>\n<\/td>\n<td>Voran Leifers<\/td>\n<td>\n<p align=\"center\">12<\/p>\n<\/td>\n<td>\n<p align=\"center\">1<\/p>\n<\/td>\n<td>\n<p align=\"center\">0<\/p>\n<\/td>\n<td>\n<p align=\"center\">9<\/p>\n<\/td>\n<td>\n<p align=\"center\">7:32<\/p>\n<\/td>\n<td>\n<p align=\"center\">-25<\/p>\n<\/td>\n<td>\n<p align=\"center\">3<\/p>\n<\/td>\n<\/tr>\n<tr>\n<td>\n<p align=\"center\">11<\/p>\n<\/td>\n<td>Sarntal<\/td>\n<td>\n<p align=\"center\">12<\/p>\n<\/td>\n<td>\n<p align=\"center\">0<\/p>\n<\/td>\n<td>\n<p align=\"center\">1<\/p>\n<\/td>\n<td>\n<p align=\"center\">9<\/p>\n<\/td>\n<td>\n<p align=\"center\">12:59<\/p>\n<\/td>\n<td>\n<p align=\"center\">-47<\/p>\n<\/td>\n<td>\n<p align=\"center\">1<\/p>\n<\/td>\n<\/tr>\n<tr>\n<td>\n<p align=\"center\">12<\/p>\n<\/td>\n<td>Bozner FC\u00a0\u00a0 *<\/td>\n<td>\n<p align=\"center\">12<\/p>\n<\/td>\n<td>\n<p align=\"center\">0<\/p>\n<\/td>\n<td>\n<p align=\"center\">0<\/p>\n<\/td>\n<td>\n<p align=\"center\">0<\/p>\n<\/td>\n<td>\n<p align=\"center\">0:0<\/p>\n<\/td>\n<td>\n<p align=\"center\">0<\/p>\n<\/td>\n<td>\n<p align=\"center\">0<\/p>\n<\/td>\n<\/tr>\n<tr>\n<td>\n<p align=\"center\">13<\/p>\n<\/td>\n<td>Pool Leifers *<\/td>\n<td>\n<p align=\"center\">12<\/p>\n<\/td>\n<td>\n<p align=\"center\">0<\/p>\n<\/td>\n<td>\n<p align=\"center\">0<\/p>\n<\/td>\n<td>\n<p align=\"center\">0<\/p>\n<\/td>\n<td>\n<p align=\"center\">0:0<\/p>\n<\/td>\n<td>\n<p align=\"center\">0<\/p>\n<\/td>\n<td>\n<p align=\"center\">0<\/p>\n<\/td>\n<\/tr>\n<\/tbody>\n<\/table>\n<p>Die Vereine VIRTUS DB, SALURN, ATLETICO BOLZANO, FC TERLAN, und FC NEUGRIES haben sich f\u00fcr die Kreise qualifiziert, welche um den Landesmeister spielen.<\/p>\n<div style='float: left; margin-top: 1em; clear: both;'>\n\t<form method='get' action='http:\/\/www.weinstrassesued.com\/?page_id=4589'>\n\t<div>\n\t\t<input type='hidden' name='page_id' value='4589' \/>\n\t\t<input type=\"hidden\" name=\"season\" value=\"\" \/>\n\t\t<input type=\"hidden\" name=\"league_id\" value=\"\" \/>\n\n\t\t\t\t<select size='1' name='match_day'>\n\t\t\t\t\t\t<option value=\"-1\">Alle Spiele anzeigen<\/option>\n\t\t\t\t<\/select>\n\t\t\t\t\t\t<select size=\"1\" name=\"team_id\">\n\t\t<option value=\"\">W\u00e4hle Mannschaft<\/option>\n\t\t\t\t<\/select>\n\t\t\t\t<input type='submit' value='Show' \/>\n\t<\/div>\n\t<\/form>\n<\/div>\n<br style='clear: both;' \/>\n\n\n\n","protected":false},"excerpt":{"rendered":"<p>&nbsp; Bolzano Bozen 1996 hat sich aus der laufenden Meisterschaft zur\u00fcckgezogen!! Pool Leifers spielt au\u00dfer Konkurrenz Bozner spielt au\u00dfer Konkurrenz Effektive Tabelle: Pl Mannschaft Sp S U N Tore +\/- P 1 Virtus DB 12 8 0 2 36:11 25 24 2 Salurn 12 7 2 1 27:9 17 23 [&hellip;]<\/p>\n","protected":false},"author":12,"featured_media":1561,"parent":0,"menu_order":0,"comment_status":"open","ping_status":"open","template":"","meta":[],"_links":{"self":[{"href":"http:\/\/www.weinstrassesued.com\/index.php?rest_route=\/wp\/v2\/pages\/4589"}],"collection":[{"href":"http:\/\/www.weinstrassesued.com\/index.php?rest_route=\/wp\/v2\/pages"}],"about":[{"href":"http:\/\/www.weinstrassesued.com\/index.php?rest_route=\/wp\/v2\/types\/page"}],"author":[{"embeddable":true,"href":"http:\/\/www.weinstrassesued.com\/index.php?rest_route=\/wp\/v2\/users\/12"}],"replies":[{"embeddable":true,"href":"http:\/\/www.weinstrassesued.com\/index.php?rest_route=%2Fwp%2Fv2%2Fcomments&post=4589"}],"version-history":[{"count":2,"href":"http:\/\/www.weinstrassesued.com\/index.php?rest_route=\/wp\/v2\/pages\/4589\/revisions"}],"predecessor-version":[{"id":4593,"href":"http:\/\/www.weinstrassesued.com\/index.php?rest_route=\/wp\/v2\/pages\/4589\/revisions\/4593"}],"wp:featuredmedia":[{"embeddable":true,"href":"http:\/\/www.weinstrassesued.com\/index.php?rest_route=\/wp\/v2\/media\/1561"}],"wp:attachment":[{"href":"http:\/\/www.weinstrassesued.com\/index.php?rest_route=%2Fwp%2Fv2%2Fmedia&parent=4589"}],"curies":[{"name":"wp","href":"https:\/\/api.w.org\/{rel}","templated":true}]}}