{"id":41,"date":"2011-08-04T10:26:52","date_gmt":"2011-08-04T10:26:52","guid":{"rendered":"http:\/\/www.weinstrassesued.com\/?page_id=41"},"modified":"2011-08-16T17:43:34","modified_gmt":"2011-08-16T15:43:34","slug":"geschichte-jugend","status":"publish","type":"page","link":"http:\/\/www.weinstrassesued.com\/?page_id=41","title":{"rendered":"Geschichte Jugend"},"content":{"rendered":"<p style=\"text-align: justify;\">Mit der Endstehung der Spielgemeinschaft Weinstrasse S\u00fcd im Jahre 2000, hat sich auch im Jugendsektor einiges getan. Damals konnten wir im Jugendbereich lediglich zwei Teams stellen, eine U-10 und eine E-Jugend. Huber Hansj\u00f6rg und Rigott Pepi waren die einzigen Trainer die damals in der Jugend t\u00e4tig waren. Mit viel Flei\u00df und Einsatz versuchte man, unsere Jugendabteilung auf Vordermann zu bringen. Kinderturniere, Hallenturnier und Fu\u00dfballcamps wurden organisiert, und schon bald merkte man, das immer mehr Kinder und Jugendliche mit Begeisterung zu unserem Verein kamen. Heute k\u00f6nnen wir mit Stolz einen Jugendsektor mit 9 Mannschaften pr\u00e4sentieren. Dieser besteht aus einem Jugendkoordinator (Pepi Rigott) und einem sportlichen Leiter (Thomas Nonnato). Ihnen zur Seite stehen Gruber Paul, Daum Johannes und Fischnaller Franz.<\/p>\n<p>Die Mannschaften werden von ausgebildete Trainer betreut, welche von den Mannschaftsbetreuern und Mannschaftsverantwortlichen tatkr\u00e4ftig unterst\u00fctzt werden.<\/p>\n<p>Die Tatsache, dass mittlerweile sehr viel junge Spieler aus den eigenen Reihen in der 1. Mannschaft stehen, beweist, dass dies der richtige Weg ist.<\/p>\n","protected":false},"excerpt":{"rendered":"<p>Mit der Endstehung der Spielgemeinschaft Weinstrasse S\u00fcd im Jahre 2000, hat sich auch im Jugendsektor einiges getan. Damals konnten wir im Jugendbereich lediglich zwei Teams stellen, eine U-10 und eine E-Jugend. Huber Hansj\u00f6rg und Rigott Pepi waren die einzigen Trainer die damals in der Jugend t\u00e4tig waren. Mit viel Flei\u00df [&hellip;]<\/p>\n","protected":false},"author":1,"featured_media":434,"parent":0,"menu_order":0,"comment_status":"open","ping_status":"open","template":"","meta":[],"_links":{"self":[{"href":"http:\/\/www.weinstrassesued.com\/index.php?rest_route=\/wp\/v2\/pages\/41"}],"collection":[{"href":"http:\/\/www.weinstrassesued.com\/index.php?rest_route=\/wp\/v2\/pages"}],"about":[{"href":"http:\/\/www.weinstrassesued.com\/index.php?rest_route=\/wp\/v2\/types\/page"}],"author":[{"embeddable":true,"href":"http:\/\/www.weinstrassesued.com\/index.php?rest_route=\/wp\/v2\/users\/1"}],"replies":[{"embeddable":true,"href":"http:\/\/www.weinstrassesued.com\/index.php?rest_route=%2Fwp%2Fv2%2Fcomments&post=41"}],"version-history":[{"count":4,"href":"http:\/\/www.weinstrassesued.com\/index.php?rest_route=\/wp\/v2\/pages\/41\/revisions"}],"predecessor-version":[{"id":432,"href":"http:\/\/www.weinstrassesued.com\/index.php?rest_route=\/wp\/v2\/pages\/41\/revisions\/432"}],"wp:featuredmedia":[{"embeddable":true,"href":"http:\/\/www.weinstrassesued.com\/index.php?rest_route=\/wp\/v2\/media\/434"}],"wp:attachment":[{"href":"http:\/\/www.weinstrassesued.com\/index.php?rest_route=%2Fwp%2Fv2%2Fmedia&parent=41"}],"curies":[{"name":"wp","href":"https:\/\/api.w.org\/{rel}","templated":true}]}}