{"id":37,"date":"2011-08-04T10:25:57","date_gmt":"2011-08-04T10:25:57","guid":{"rendered":"http:\/\/www.weinstrassesued.com\/?page_id=37"},"modified":"2011-10-17T21:06:30","modified_gmt":"2011-10-17T19:06:30","slug":"geschichte-kurtinig","status":"publish","type":"page","link":"http:\/\/www.weinstrassesued.com\/?page_id=37","title":{"rendered":"Geschichte"},"content":{"rendered":"<p style=\"text-align: justify;\"><strong>40 Jahre Amateursportverein Kurtinig<br \/>\n<\/strong>Der Amateursportverein Kurtinig feierte sein 40-j\u00e4hriges Bestehen. Pr\u00e4sident Markus Zemmer gab zu diesem Anlass einen R\u00fcckblick auf die reiche Verbandsgeschichte und freute sich, das Gr\u00fcndungsmitglied und den ersten langj\u00e4hrigen Pr\u00e4sidenten Edmund Ranigler begr\u00fc\u00dfen zu d\u00fcrfen. Die Familientradition geht weiter: Sohn Martin Ranigler ist Vizepr\u00e4sident und seit Mai Sportreferent der Gemeinde Kurtinig.<br \/>\nZu den zahlreichen aktiven und ehemaligen Sportkameraden und ihren Familienangeh\u00f6rigen z\u00e4hlte auch B\u00fcrgermeister Mayr Manfred. Er betonte, dass der ehrenamtliche Einsatz f\u00fcr die vielen Angebote im Bereich Sport nicht hoch genug eingesch\u00e4tzt werden k\u00f6nne und die Gemeindeverwaltung die gewissenhafte und erfolgreiche F\u00fchrung der Sportanlagen beim Verein in guten H\u00e4nden wisse.<br \/>\nDie Feierlichkeiten wurden mit der Einweihung der Beleuchtungsanlage und der sanierten Gemeinschaftsr\u00e4ume verbunden. 1982 wurde das Klubgeb\u00e4ude errichtet, 1995 die Heizanlage erneuert und in den letzten Jahren haben Land und Gemeinde gut 180.000 Euro in die Sanierung der Sport- und Freizeitanlage investiert. Das 2006 vom Gemeindetechniker in enger Zusammenarbeit mit dem Verein ausgearbeitete Projekt sah neben der au\u00dferordentlichen Instandhaltung des Klubhauses und der Sportanlagen auch eine besondere Ma\u00dfnahme vor: Die Errichtung der neuen Flutlichtanlage mit einer Maximalleistung von auf vier Masten verteilten 25.000 Watt und durchschnittlicher Spielfeldausleuchtung von 132 Lux war ein Meilenstein, da sie den Vorschriften des Sportverbands FIGC entspricht und so in Kurtinig auch Turniere abgehalten werden k\u00f6nnen.<br \/>\nNicht zuletzt dadurch seien die Kurtiniger ebenb\u00fcrtige Partner in der Weinstrasse S\u00fcd, die in der Landesliga mitspielt. Neben Spielern in der \u00fcbergemeindlichen Mannschaft hat der SV-Kurtinig mehrere Mannschaften, die in U 8, die 3. Amateurliga und die Altherren-Mannschaft. Zu den eifrigen Nutzern der Sportanlage z\u00e4hlen die Damenfu\u00dfballerinnen \u201eUnterland Damen\u201c, die in einem eigenst\u00e4ndigen Verein organisiert sind.<\/p>\n<div class='gallery'><dl class='gallery-item'>\n\t\t\t<dt class='gallery-icon landscape'>\n\t\t\t\t<a href='http:\/\/www.weinstrassesued.com\/wp-content\/uploads\/2011\/08\/IMG_0005.jpg'><img width=\"150\" height=\"150\" src=\"http:\/\/www.weinstrassesued.com\/wp-content\/uploads\/2011\/08\/IMG_0005-150x150.jpg\" class=\"attachment-thumbnail size-thumbnail\" alt=\"\" decoding=\"async\" loading=\"lazy\" \/><\/a>\n\t\t\t<\/dt><\/dl><dl class='gallery-item'>\n\t\t\t<dt class='gallery-icon landscape'>\n\t\t\t\t<a href='http:\/\/www.weinstrassesued.com\/wp-content\/uploads\/2011\/08\/0024.jpg'><img width=\"150\" height=\"150\" src=\"http:\/\/www.weinstrassesued.com\/wp-content\/uploads\/2011\/08\/0024-150x150.jpg\" class=\"attachment-thumbnail size-thumbnail\" alt=\"\" decoding=\"async\" loading=\"lazy\" \/><\/a>\n\t\t\t<\/dt><\/dl><dl class='gallery-item'>\n\t\t\t<dt class='gallery-icon landscape'>\n\t\t\t\t<a href='http:\/\/www.weinstrassesued.com\/wp-content\/uploads\/2011\/08\/0033.jpg'><img width=\"150\" height=\"150\" src=\"http:\/\/www.weinstrassesued.com\/wp-content\/uploads\/2011\/08\/0033-150x150.jpg\" class=\"attachment-thumbnail size-thumbnail\" alt=\"\" decoding=\"async\" loading=\"lazy\" \/><\/a>\n\t\t\t<\/dt><\/dl><br style=\"clear: both\" \/><dl class='gallery-item'>\n\t\t\t<dt class='gallery-icon landscape'>\n\t\t\t\t<a href='http:\/\/www.weinstrassesued.com\/wp-content\/uploads\/2011\/08\/0043.jpg'><img width=\"150\" height=\"150\" src=\"http:\/\/www.weinstrassesued.com\/wp-content\/uploads\/2011\/08\/0043-150x150.jpg\" class=\"attachment-thumbnail size-thumbnail\" alt=\"\" decoding=\"async\" loading=\"lazy\" \/><\/a>\n\t\t\t<\/dt><\/dl><dl class='gallery-item'>\n\t\t\t<dt class='gallery-icon landscape'>\n\t\t\t\t<a href='http:\/\/www.weinstrassesued.com\/wp-content\/uploads\/2011\/08\/0053.jpg'><img width=\"150\" height=\"150\" src=\"http:\/\/www.weinstrassesued.com\/wp-content\/uploads\/2011\/08\/0053-150x150.jpg\" class=\"attachment-thumbnail size-thumbnail\" alt=\"\" decoding=\"async\" loading=\"lazy\" \/><\/a>\n\t\t\t<\/dt><\/dl><dl class='gallery-item'>\n\t\t\t<dt class='gallery-icon landscape'>\n\t\t\t\t<a href='http:\/\/www.weinstrassesued.com\/wp-content\/uploads\/2011\/08\/0063.jpg'><img width=\"150\" height=\"150\" src=\"http:\/\/www.weinstrassesued.com\/wp-content\/uploads\/2011\/08\/0063-150x150.jpg\" class=\"attachment-thumbnail size-thumbnail\" alt=\"\" decoding=\"async\" loading=\"lazy\" \/><\/a>\n\t\t\t<\/dt><\/dl><br style=\"clear: both\" \/><dl class='gallery-item'>\n\t\t\t<dt class='gallery-icon landscape'>\n\t\t\t\t<a href='http:\/\/www.weinstrassesued.com\/wp-content\/uploads\/2011\/08\/0073.jpg'><img width=\"150\" height=\"150\" src=\"http:\/\/www.weinstrassesued.com\/wp-content\/uploads\/2011\/08\/0073-150x150.jpg\" class=\"attachment-thumbnail size-thumbnail\" alt=\"\" decoding=\"async\" loading=\"lazy\" \/><\/a>\n\t\t\t<\/dt><\/dl><dl class='gallery-item'>\n\t\t\t<dt class='gallery-icon landscape'>\n\t\t\t\t<a href='http:\/\/www.weinstrassesued.com\/wp-content\/uploads\/2011\/08\/0083.jpg'><img width=\"150\" height=\"150\" src=\"http:\/\/www.weinstrassesued.com\/wp-content\/uploads\/2011\/08\/0083-150x150.jpg\" class=\"attachment-thumbnail size-thumbnail\" alt=\"\" decoding=\"async\" loading=\"lazy\" \/><\/a>\n\t\t\t<\/dt><\/dl><dl class='gallery-item'>\n\t\t\t<dt class='gallery-icon landscape'>\n\t\t\t\t<a href='http:\/\/www.weinstrassesued.com\/wp-content\/uploads\/2011\/08\/0093.jpg'><img width=\"150\" height=\"150\" src=\"http:\/\/www.weinstrassesued.com\/wp-content\/uploads\/2011\/08\/0093-150x150.jpg\" class=\"attachment-thumbnail size-thumbnail\" alt=\"\" decoding=\"async\" loading=\"lazy\" \/><\/a>\n\t\t\t<\/dt><\/dl><br style=\"clear: both\" \/><dl class='gallery-item'>\n\t\t\t<dt class='gallery-icon portrait'>\n\t\t\t\t<a href='http:\/\/www.weinstrassesued.com\/wp-content\/uploads\/2011\/08\/0101.jpg'><img width=\"150\" height=\"150\" src=\"http:\/\/www.weinstrassesued.com\/wp-content\/uploads\/2011\/08\/0101-150x150.jpg\" class=\"attachment-thumbnail size-thumbnail\" alt=\"\" decoding=\"async\" loading=\"lazy\" \/><\/a>\n\t\t\t<\/dt><\/dl><dl class='gallery-item'>\n\t\t\t<dt class='gallery-icon landscape'>\n\t\t\t\t<a href='http:\/\/www.weinstrassesued.com\/wp-content\/uploads\/2011\/08\/011.jpg'><img width=\"150\" height=\"150\" src=\"http:\/\/www.weinstrassesued.com\/wp-content\/uploads\/2011\/08\/011-150x150.jpg\" class=\"attachment-thumbnail size-thumbnail\" alt=\"\" decoding=\"async\" loading=\"lazy\" \/><\/a>\n\t\t\t<\/dt><\/dl><dl class='gallery-item'>\n\t\t\t<dt class='gallery-icon landscape'>\n\t\t\t\t<a href='http:\/\/www.weinstrassesued.com\/wp-content\/uploads\/2011\/08\/012.jpg'><img width=\"150\" height=\"150\" src=\"http:\/\/www.weinstrassesued.com\/wp-content\/uploads\/2011\/08\/012-150x150.jpg\" class=\"attachment-thumbnail size-thumbnail\" alt=\"\" decoding=\"async\" loading=\"lazy\" \/><\/a>\n\t\t\t<\/dt><\/dl><br style=\"clear: both\" \/><dl class='gallery-item'>\n\t\t\t<dt class='gallery-icon landscape'>\n\t\t\t\t<a href='http:\/\/www.weinstrassesued.com\/wp-content\/uploads\/2011\/08\/013.jpg'><img width=\"150\" height=\"150\" src=\"http:\/\/www.weinstrassesued.com\/wp-content\/uploads\/2011\/08\/013-150x150.jpg\" class=\"attachment-thumbnail size-thumbnail\" alt=\"\" decoding=\"async\" loading=\"lazy\" \/><\/a>\n\t\t\t<\/dt><\/dl><dl class='gallery-item'>\n\t\t\t<dt class='gallery-icon landscape'>\n\t\t\t\t<a href='http:\/\/www.weinstrassesued.com\/wp-content\/uploads\/2011\/08\/014.jpg'><img width=\"150\" height=\"150\" src=\"http:\/\/www.weinstrassesued.com\/wp-content\/uploads\/2011\/08\/014-150x150.jpg\" class=\"attachment-thumbnail size-thumbnail\" alt=\"\" decoding=\"async\" loading=\"lazy\" \/><\/a>\n\t\t\t<\/dt><\/dl><dl class='gallery-item'>\n\t\t\t<dt class='gallery-icon landscape'>\n\t\t\t\t<a href='http:\/\/www.weinstrassesued.com\/wp-content\/uploads\/2011\/08\/015.jpg'><img width=\"150\" height=\"150\" src=\"http:\/\/www.weinstrassesued.com\/wp-content\/uploads\/2011\/08\/015-150x150.jpg\" class=\"attachment-thumbnail size-thumbnail\" alt=\"\" decoding=\"async\" loading=\"lazy\" \/><\/a>\n\t\t\t<\/dt><\/dl><br style=\"clear: both\" \/><dl class='gallery-item'>\n\t\t\t<dt class='gallery-icon landscape'>\n\t\t\t\t<a href='http:\/\/www.weinstrassesued.com\/wp-content\/uploads\/2011\/08\/016.jpg'><img width=\"150\" height=\"150\" src=\"http:\/\/www.weinstrassesued.com\/wp-content\/uploads\/2011\/08\/016-150x150.jpg\" class=\"attachment-thumbnail size-thumbnail\" alt=\"\" decoding=\"async\" loading=\"lazy\" \/><\/a>\n\t\t\t<\/dt><\/dl><dl class='gallery-item'>\n\t\t\t<dt class='gallery-icon landscape'>\n\t\t\t\t<a href='http:\/\/www.weinstrassesued.com\/wp-content\/uploads\/2011\/08\/017.jpg'><img width=\"150\" height=\"150\" src=\"http:\/\/www.weinstrassesued.com\/wp-content\/uploads\/2011\/08\/017-150x150.jpg\" class=\"attachment-thumbnail size-thumbnail\" alt=\"\" decoding=\"async\" loading=\"lazy\" \/><\/a>\n\t\t\t<\/dt><\/dl><dl class='gallery-item'>\n\t\t\t<dt class='gallery-icon landscape'>\n\t\t\t\t<a href='http:\/\/www.weinstrassesued.com\/wp-content\/uploads\/2011\/08\/018.jpg'><img width=\"150\" height=\"150\" src=\"http:\/\/www.weinstrassesued.com\/wp-content\/uploads\/2011\/08\/018-150x150.jpg\" class=\"attachment-thumbnail size-thumbnail\" alt=\"\" decoding=\"async\" loading=\"lazy\" \/><\/a>\n\t\t\t<\/dt><\/dl><br style=\"clear: both\" \/><dl class='gallery-item'>\n\t\t\t<dt class='gallery-icon landscape'>\n\t\t\t\t<a href='http:\/\/www.weinstrassesued.com\/wp-content\/uploads\/2011\/08\/019.jpg'><img width=\"150\" height=\"150\" src=\"http:\/\/www.weinstrassesued.com\/wp-content\/uploads\/2011\/08\/019-150x150.jpg\" class=\"attachment-thumbnail size-thumbnail\" alt=\"\" decoding=\"async\" loading=\"lazy\" \/><\/a>\n\t\t\t<\/dt><\/dl><dl class='gallery-item'>\n\t\t\t<dt class='gallery-icon landscape'>\n\t\t\t\t<a href='http:\/\/www.weinstrassesued.com\/wp-content\/uploads\/2011\/08\/Sportverein.jpg'><img width=\"150\" height=\"150\" src=\"http:\/\/www.weinstrassesued.com\/wp-content\/uploads\/2011\/08\/Sportverein-150x150.jpg\" class=\"attachment-thumbnail size-thumbnail\" alt=\"\" decoding=\"async\" loading=\"lazy\" \/><\/a>\n\t\t\t<\/dt><\/dl>\n\t\t\t<br style='clear: both' \/>\n\t\t<\/div>\n\n","protected":false},"excerpt":{"rendered":"<p>40 Jahre Amateursportverein Kurtinig Der Amateursportverein Kurtinig feierte sein 40-j\u00e4hriges Bestehen. Pr\u00e4sident Markus Zemmer gab zu diesem Anlass einen R\u00fcckblick auf die reiche Verbandsgeschichte und freute sich, das Gr\u00fcndungsmitglied und den ersten langj\u00e4hrigen Pr\u00e4sidenten Edmund Ranigler begr\u00fc\u00dfen zu d\u00fcrfen. Die Familientradition geht weiter: Sohn Martin Ranigler ist Vizepr\u00e4sident und seit [&hellip;]<\/p>\n","protected":false},"author":1,"featured_media":2822,"parent":0,"menu_order":0,"comment_status":"open","ping_status":"open","template":"","meta":[],"_links":{"self":[{"href":"http:\/\/www.weinstrassesued.com\/index.php?rest_route=\/wp\/v2\/pages\/37"}],"collection":[{"href":"http:\/\/www.weinstrassesued.com\/index.php?rest_route=\/wp\/v2\/pages"}],"about":[{"href":"http:\/\/www.weinstrassesued.com\/index.php?rest_route=\/wp\/v2\/types\/page"}],"author":[{"embeddable":true,"href":"http:\/\/www.weinstrassesued.com\/index.php?rest_route=\/wp\/v2\/users\/1"}],"replies":[{"embeddable":true,"href":"http:\/\/www.weinstrassesued.com\/index.php?rest_route=%2Fwp%2Fv2%2Fcomments&post=37"}],"version-history":[{"count":8,"href":"http:\/\/www.weinstrassesued.com\/index.php?rest_route=\/wp\/v2\/pages\/37\/revisions"}],"predecessor-version":[{"id":2801,"href":"http:\/\/www.weinstrassesued.com\/index.php?rest_route=\/wp\/v2\/pages\/37\/revisions\/2801"}],"wp:featuredmedia":[{"embeddable":true,"href":"http:\/\/www.weinstrassesued.com\/index.php?rest_route=\/wp\/v2\/media\/2822"}],"wp:attachment":[{"href":"http:\/\/www.weinstrassesued.com\/index.php?rest_route=%2Fwp%2Fv2%2Fmedia&parent=37"}],"curies":[{"name":"wp","href":"https:\/\/api.w.org\/{rel}","templated":true}]}}