{"id":35,"date":"2011-08-04T10:25:34","date_gmt":"2011-08-04T10:25:34","guid":{"rendered":"http:\/\/www.weinstrassesued.com\/?page_id=35"},"modified":"2014-02-20T07:01:10","modified_gmt":"2014-02-20T06:01:10","slug":"vorstand-kurtatsch","status":"publish","type":"page","link":"http:\/\/www.weinstrassesued.com\/?page_id=35","title":{"rendered":"Vorstand"},"content":{"rendered":"<p>hinten vlnr.: Stefan Kofler, Paul Gruber, Hartmann Fischer,\u00a0Pepi Rigott,\u00a0Christof Pichler,\u00a0Tom Eschgf\u00e4ller<br \/>\nvorne vlnr.: Roberto Leoni, Roland Terzer, Stefan Gruber (Pr\u00e4sident), Egon Carli<\/p>\n<p>Es fehlt: Rupert Fischer<\/p>\n<p>&nbsp;<\/p>\n<p>Stefan Gruber, Pr\u00e4sident<br \/>\nChristof Pichler, Vizepr\u00e4sident<br \/>\nStefan Kofler, Kassier<br \/>\nRoland Terzer, Schriftf\u00fchrer<br \/>\nPepi Rigott, Jugendkoordinator<br \/>\nPaul Gruber, Jugendkoordinator-Assistent und Sportplatzwart<br \/>\nRupert Fischer, Verantwortlicher f\u00fcr die Bar<br \/>\nTom Eschgf\u00e4ller, Fotograf, Vereinszeitung und Webmaster<br \/>\nHartmann Fischer, Verantwortlicher f\u00fcr Technik und Sportplatz<br \/>\nRoberto Leoni, Betreuer der erste Mannschaft<br \/>\nEgon Carli, Verantwortlicher f\u00fcr die erste Mannschaft<\/p>\n<p style=\"text-align: center;\">bis am 24. Mai 2013 im Amt<\/p>\n<p style=\"text-align: center;\">_________________________________________________________________________________<\/p>\n<p style=\"text-align: center;\">seit dem 24. Mai 2013 im Amt<\/p>\n<p style=\"text-align: left;\">Stefan Gruber, Pr\u00e4sident<br \/>\nChristof Pichler, Vizepr\u00e4sident<br \/>\nStefan Kofler, Kassier<br \/>\nRoland Terzer, Schriftf\u00fchrer<br \/>\nPepi Rigott, Jugendkoordinator<br \/>\nPaul Gruber, Jugendkoordinator-Assistent und Sportplatzwart<br \/>\nRupert Fischer, Verantwortlicher f\u00fcr die Bar<br \/>\nTom Eschgf\u00e4ller, Fotograf, Webmaster<br \/>\nRoberto Leoni, Betreuer der erste Mannschaft<br \/>\nEgon Carli, Verantwortlicher f\u00fcr die erste Mannschaft<\/p>\n<p style=\"text-align: left;\">Stefan Christoforetti<br \/>\nManuel Pomella<\/p>\n<p>&nbsp;<\/p>\n<p>&nbsp;<\/p>\n","protected":false},"excerpt":{"rendered":"<p>hinten vlnr.: Stefan Kofler, Paul Gruber, Hartmann Fischer,\u00a0Pepi Rigott,\u00a0Christof Pichler,\u00a0Tom Eschgf\u00e4ller vorne vlnr.: Roberto Leoni, Roland Terzer, Stefan Gruber (Pr\u00e4sident), Egon Carli Es fehlt: Rupert Fischer &nbsp; Stefan Gruber, Pr\u00e4sident Christof Pichler, Vizepr\u00e4sident Stefan Kofler, Kassier Roland Terzer, Schriftf\u00fchrer Pepi Rigott, Jugendkoordinator Paul Gruber, Jugendkoordinator-Assistent und Sportplatzwart Rupert Fischer, Verantwortlicher [&hellip;]<\/p>\n","protected":false},"author":1,"featured_media":793,"parent":0,"menu_order":0,"comment_status":"open","ping_status":"open","template":"","meta":[],"_links":{"self":[{"href":"http:\/\/www.weinstrassesued.com\/index.php?rest_route=\/wp\/v2\/pages\/35"}],"collection":[{"href":"http:\/\/www.weinstrassesued.com\/index.php?rest_route=\/wp\/v2\/pages"}],"about":[{"href":"http:\/\/www.weinstrassesued.com\/index.php?rest_route=\/wp\/v2\/types\/page"}],"author":[{"embeddable":true,"href":"http:\/\/www.weinstrassesued.com\/index.php?rest_route=\/wp\/v2\/users\/1"}],"replies":[{"embeddable":true,"href":"http:\/\/www.weinstrassesued.com\/index.php?rest_route=%2Fwp%2Fv2%2Fcomments&post=35"}],"version-history":[{"count":63,"href":"http:\/\/www.weinstrassesued.com\/index.php?rest_route=\/wp\/v2\/pages\/35\/revisions"}],"predecessor-version":[{"id":13039,"href":"http:\/\/www.weinstrassesued.com\/index.php?rest_route=\/wp\/v2\/pages\/35\/revisions\/13039"}],"wp:featuredmedia":[{"embeddable":true,"href":"http:\/\/www.weinstrassesued.com\/index.php?rest_route=\/wp\/v2\/media\/793"}],"wp:attachment":[{"href":"http:\/\/www.weinstrassesued.com\/index.php?rest_route=%2Fwp%2Fv2%2Fmedia&parent=35"}],"curies":[{"name":"wp","href":"https:\/\/api.w.org\/{rel}","templated":true}]}}