{"id":3172,"date":"2011-10-27T22:14:56","date_gmt":"2011-10-27T20:14:56","guid":{"rendered":"http:\/\/www.weinstrassesued.com\/?page_id=3172"},"modified":"2011-10-27T22:15:41","modified_gmt":"2011-10-27T20:15:41","slug":"nutzungsbedingungen","status":"publish","type":"page","link":"http:\/\/www.weinstrassesued.com\/?page_id=3172","title":{"rendered":"Nutzungsbedingungen"},"content":{"rendered":"<p style=\"text-align: justify;\">Die Website von Weinstrasse S\u00fcd stellt Informationen und Daten sowie mittels Hyperlinks (Internetverkn\u00fcpfung) Informationen anderer Websites zur Verf\u00fcgung. Diese Informationen und Daten dienen allein Informationszwecken, ohne dass sich auf die Aktualit\u00e4t, Richtigkeit oder Vollst\u00e4ndigkeit der Informationen berufen oder verlassen werden kann.<\/p>\n<p style=\"text-align: justify;\">\u00a71 Geltungsbereich<br \/>\nWeinstrasse S\u00fcd Online ist ausschlie\u00dflich f\u00fcr Inhalte verantwortlich, die selbst erstellt, ver\u00f6ffentlicht und verbreitet werden. Die Nutzungsbedingungen gelten f\u00fcr die Inhalte der Website www.weinstrassesued.com, sowie aller zu diesen Domain geh\u00f6renden Seiten.<\/p>\n<p style=\"text-align: justify;\">\u00a72 Haftung<br \/>\nWeinstrasse S\u00fcd Online haftet nicht f\u00fcr Inhalte und Programme, die auf der Website von Weinstrasse S\u00fcd verbreitet werden, noch f\u00fcr Sch\u00e4den die daraus entstehen. Dies gilt f\u00fcr alle Arten von Sch\u00e4den, insbesondere Sch\u00e4den, die durch Fehler, Verz\u00f6gerungen oder Unterbrechungen in der \u00dcbermittlung, bei St\u00f6rungen der technischen Anlagen und des Services, unrichtige Inhalte, Verlust oder L\u00f6schung von Daten, Viren oder in sonstiger Weise bei der Nutzung dieses Online-Angebots entstehen k\u00f6nnen.\u00a0Weinstrasse S\u00fcd \u00a0Online \u00fcbernimmt keine Verantwortung f\u00fcr die Inhalte, Fehlerfreiheit, Rechtm\u00e4\u00dfigkeit und Funktionsf\u00e4higkeit von Internetseiten Dritter, auf die mittels Links von der Internetseite von Weinstrasse S\u00fcd verwiesen wird. Seitenaufrufe \u00fcber Links erfolgen auf eigene Gefahr.<\/p>\n<p style=\"text-align: justify;\">\u00a73 Datenschutz<br \/>\nWeinstrasse S\u00fcd\u00a0Online verpflichtet sich, die gesetzlichen Bestimmungen zum Datenschutz zu beachten und pers\u00f6nliche Informationen nicht an Dritte weiter zu geben, au\u00dfer an den Partnern der Chat- und Forumssysteme die Ihre Daten f\u00fcr das Verwalten ihres Benutzerkontos verwenden.<\/p>\n<p style=\"text-align: justify;\">\u00a74 Urheberrecht<br \/>\nDie \u00fcber die Weinstrasse S\u00fcd\u00a0 \u2013 Website angebotenen Inhalte sind urheberrechtlich gesch\u00fctzt. Ihre Nutzung unterliegt den geltenden Urheberrechten. Diese Website darf ohne Zustimmung von\u00a0Weinstrasse S\u00fcd\u00a0 Online nicht ver\u00e4ndert, kopiert, wiederver\u00f6ffentlicht, \u00fcbertragen, verbreitet oder gespeichert werden. Das Material darf ausschlie\u00dflich zu privaten, nichtkommerziellen Zwecken unter strikter Ber\u00fccksichtigung von Urheberrechten benutzt werden. Insbesondere wird in diesem Zusammenhang auf die Copyrightinformationen hingewiesen.<\/p>\n<p style=\"text-align: justify;\">\u00a75 G\u00e4stebuch und Foren<br \/>\nInnerhalb dieses Services wird ein G\u00e4stebuch und Diskussions-Foren angeboten, die eine Echtzeit-Kommunikation zwischen den Nutzern erm\u00f6glichen. Die wiedergegebenen Beitr\u00e4ge werden von unseren Nutzern auf dem Weg elektronischer Daten\u00fcbertragung direkt ver\u00f6ffentlicht.\u00a0Weinstrasse S\u00fcd\u00a0 Online hat somit keine M\u00f6glichkeit, den Inhalt der Beitr\u00e4ge vorher zu \u00fcberpr\u00fcfen bzw. darauf Einfluss zu nehmen.\u00a0Weinstrasse S\u00fcd\u00a0 Online \u00fcbernimmt daher keine Haftung f\u00fcr die bereitgestellten Inhalte und Informationen. Wir behalten uns das Recht vor, Kommentare mit beleidigendem Inhalt bzw. solche, die gegen gesetzliche Vorschriften Verst\u00f6\u00dfen, zu l\u00f6schen. Weitere rechtliche Schritte beh\u00e4lt sich\u00a0Weinstrasse S\u00fcd\u00a0 Online vor.<\/p>\n<p style=\"text-align: justify;\">\u00a76 \u00c4nderung der Nutzungsbedingungen<br \/>\nWeinstrasse S\u00fcd\u00a0 Online beh\u00e4lt sich das Recht vor, die Nutzungsbedingungen jederzeit abzu\u00e4ndern. Ein ausdr\u00fccklicher Hinweis auf die \u00c4nderung der Nutzungsbedingungen erfolgt nicht. Die Nutzungsbedingungen sind selbstst\u00e4ndig periodisch auf Ver\u00e4nderungen zu \u00fcberpr\u00fcfen.<\/p>\n<p style=\"text-align: justify;\">\u00a77 Schlussbestimmung<br \/>\nDiese Nutzungsbedingungen und die gesamten Rechtsbeziehungen zwischen den Nutzern und der Weinstrasse S\u00fcd\u00a0 -Website unterliegen ausschlie\u00dflich italienischem Recht. Sollten einzelne Bestimmungen der Nutzungsbedingungen ung\u00fcltig sein oder werden, bleibt die G\u00fcltigkeit der \u00fcbrigen Nutzungsbedingungen unber\u00fchrt.<\/p>\n","protected":false},"excerpt":{"rendered":"<p>Die Website von Weinstrasse S\u00fcd stellt Informationen und Daten sowie mittels Hyperlinks (Internetverkn\u00fcpfung) Informationen anderer Websites zur Verf\u00fcgung. Diese Informationen und Daten dienen allein Informationszwecken, ohne dass sich auf die Aktualit\u00e4t, Richtigkeit oder Vollst\u00e4ndigkeit der Informationen berufen oder verlassen werden kann. \u00a71 Geltungsbereich Weinstrasse S\u00fcd Online ist ausschlie\u00dflich f\u00fcr Inhalte [&hellip;]<\/p>\n","protected":false},"author":12,"featured_media":0,"parent":0,"menu_order":0,"comment_status":"open","ping_status":"open","template":"","meta":[],"_links":{"self":[{"href":"http:\/\/www.weinstrassesued.com\/index.php?rest_route=\/wp\/v2\/pages\/3172"}],"collection":[{"href":"http:\/\/www.weinstrassesued.com\/index.php?rest_route=\/wp\/v2\/pages"}],"about":[{"href":"http:\/\/www.weinstrassesued.com\/index.php?rest_route=\/wp\/v2\/types\/page"}],"author":[{"embeddable":true,"href":"http:\/\/www.weinstrassesued.com\/index.php?rest_route=\/wp\/v2\/users\/12"}],"replies":[{"embeddable":true,"href":"http:\/\/www.weinstrassesued.com\/index.php?rest_route=%2Fwp%2Fv2%2Fcomments&post=3172"}],"version-history":[{"count":2,"href":"http:\/\/www.weinstrassesued.com\/index.php?rest_route=\/wp\/v2\/pages\/3172\/revisions"}],"predecessor-version":[{"id":3175,"href":"http:\/\/www.weinstrassesued.com\/index.php?rest_route=\/wp\/v2\/pages\/3172\/revisions\/3175"}],"wp:attachment":[{"href":"http:\/\/www.weinstrassesued.com\/index.php?rest_route=%2Fwp%2Fv2%2Fmedia&parent=3172"}],"curies":[{"name":"wp","href":"https:\/\/api.w.org\/{rel}","templated":true}]}}