{"id":2918,"date":"2011-10-21T07:23:22","date_gmt":"2011-10-21T05:23:22","guid":{"rendered":"http:\/\/www.weinstrassesued.com\/?page_id=2918"},"modified":"2011-10-21T16:00:58","modified_gmt":"2011-10-21T14:00:58","slug":"ein-leben-fur-den-fusball","status":"publish","type":"page","link":"http:\/\/www.weinstrassesued.com\/?page_id=2918","title":{"rendered":"Ein Leben f\u00fcr den Fu\u00dfball"},"content":{"rendered":"<p style=\"text-align: justify;\"><span style=\"color: #888888;\">Als der Kurtatscher Fu\u00dfballverein im Jahre 1957 gegr\u00fcndet wurde war Otto Mayr gerade 10 Jahre alt. Er war ein sportbegeisterter Junge, liebte die Berge und den Fu\u00dfball. Wie kein anderer sollte er den Verein pr\u00e4gen und mitgestalten.<br \/>\nEr war dabei als der erste Sportplatz in den \u201eGemeindem\u00f6sern\u201c mit Pickeln und Schaufeln notd\u00fcrftig hergerichtet wurde, als die ersten Pappeln rund um das alte Fu\u00dfballfeld gepflanzt wurden, als die erste Flutlichtanlage (die Lampen wurden direkt an die in der Zwischenzeit bereits hochgewachsenen B\u00e4ume geh\u00e4ngt) angebracht wurden, als die Pappeln aus Sicherheitsgr\u00fcnden wieder gef\u00e4llt werden mussten und als der gesamte Sportplatz mit Kabinen und Flutlichtanlage grundlegend erneuert wurde. Er war die treibende und unerm\u00fcdliche Kraft, die schlussendlich die Gemeindeverwaltung dazu veranlasste, ein zeitgem\u00e4\u00dfes Sportgel\u00e4nde auszuweisen.<\/span><\/p>\n<div style=\"width: 245px\" class=\"wp-caption alignleft\"><a href=\"http:\/\/www.weinstrassesued.com\/wp-content\/uploads\/2011\/10\/Otto-Mayr.jpg\"><img decoding=\"async\" loading=\"lazy\" style=\"border-style: initial; border-color: initial;\" title=\"Otto Mayr\" src=\"http:\/\/www.weinstrassesued.com\/wp-content\/uploads\/2011\/10\/Otto-Mayr-235x300.jpg\" alt=\"Otto Mayr\" width=\"235\" height=\"300\" \/><\/a><p class=\"wp-caption-text\">Otto Mayr<\/p><\/div>\n<p style=\"text-align: justify;\"><span style=\"color: #888888;\">Seit dem Jahre 1980 hatte er als Obmann die direkte Verantwortung f\u00fcr den Verein \u00fcbernommen und f\u00fchrte<\/span>\u00a0<span style=\"color: #888888;\">\u201eStrebwiesn\u201c auf den so genannten Gemeindem\u00f6sern vorlieb genommen werden. Im Jahre \u201958 (es war die fu\u00dfballerische Geburtsstunde des bis heute unvergleichbaren Brasilianers Pel\u00e8) wurde der \u00f6rtliche Fu\u00dfballclub unter der Bezeichnung \u201eS\u00fcdtiroler Sportverein Kurtatsch\u201c gegr\u00fcndet. Da das Spielfeld in Kurtatsch in keinster Weise den Fu\u00dfballnormen entsprach, musste man in den ersten Jahren nach Margreid und Tramin ausweichen. Nach m\u00fchseligen Verhandlungen mit der Gemeindeverwaltung von Kurtatsch unter der Leitung des damaligen B\u00fcrgerihn gewissenhaft und umsichtig bis zum Jahre 2005. Er war kein Obmann der kommandierte und andere f\u00fcr sich arbeiten lie\u00df, am liebsten machte er alles selbst, von der Markierung des Spielfeldes vor jedem Spiel bis zur Reinigung der Kabinen nach dem Spiel.<\/span><\/p>\n<div>\n<div>\n<p style=\"text-align: justify;\"><span style=\"color: #888888;\">Selbstverst\u00e4ndlich spielte der Otto auch Fu\u00dfball, mit gro\u00dfer Leidenschaft und Hingabe, Auf dem Fu\u00dfballplatz war der ansonsten ruhige und zur\u00fcckhaltende Otto nicht wieder zu erkennen. In seinen ersten Jahren k\u00e4mpfte er als St\u00fcrmer an vorderster Front, sp\u00e4ter zog er sich in die Verteidigung zur\u00fcck und sorgte jahrelang als legend\u00e4rer \u201eAusputzer\u201c f\u00fcr eine felsenfeste Abwehr. Er rackerte und k\u00e4mpfte bis zum Umfallen und spornte seine Mitspieler immer wieder an.<\/span><br \/>\n<span style=\"color: #888888;\"> Der Fu\u00dfball war und ist f\u00fcr den sportbegeisterten Otto eine gro\u00dfe Leidenschaft, er hat dem Kurtatscher Fu\u00dfball\u00a0alles gegeben was er geben konnte, und er wird mit dem Kurtatscher Fu\u00dfball wohl immer verbunden bleiben.<\/span><\/p>\n<\/div>\n<\/div>\n","protected":false},"excerpt":{"rendered":"<p>Als der Kurtatscher Fu\u00dfballverein im Jahre 1957 gegr\u00fcndet wurde war Otto Mayr gerade 10 Jahre alt. Er war ein sportbegeisterter Junge, liebte die Berge und den Fu\u00dfball. Wie kein anderer sollte er den Verein pr\u00e4gen und mitgestalten. Er war dabei als der erste Sportplatz in den \u201eGemeindem\u00f6sern\u201c mit Pickeln und [&hellip;]<\/p>\n","protected":false},"author":12,"featured_media":2919,"parent":0,"menu_order":0,"comment_status":"open","ping_status":"open","template":"","meta":[],"_links":{"self":[{"href":"http:\/\/www.weinstrassesued.com\/index.php?rest_route=\/wp\/v2\/pages\/2918"}],"collection":[{"href":"http:\/\/www.weinstrassesued.com\/index.php?rest_route=\/wp\/v2\/pages"}],"about":[{"href":"http:\/\/www.weinstrassesued.com\/index.php?rest_route=\/wp\/v2\/types\/page"}],"author":[{"embeddable":true,"href":"http:\/\/www.weinstrassesued.com\/index.php?rest_route=\/wp\/v2\/users\/12"}],"replies":[{"embeddable":true,"href":"http:\/\/www.weinstrassesued.com\/index.php?rest_route=%2Fwp%2Fv2%2Fcomments&post=2918"}],"version-history":[{"count":11,"href":"http:\/\/www.weinstrassesued.com\/index.php?rest_route=\/wp\/v2\/pages\/2918\/revisions"}],"predecessor-version":[{"id":2923,"href":"http:\/\/www.weinstrassesued.com\/index.php?rest_route=\/wp\/v2\/pages\/2918\/revisions\/2923"}],"wp:featuredmedia":[{"embeddable":true,"href":"http:\/\/www.weinstrassesued.com\/index.php?rest_route=\/wp\/v2\/media\/2919"}],"wp:attachment":[{"href":"http:\/\/www.weinstrassesued.com\/index.php?rest_route=%2Fwp%2Fv2%2Fmedia&parent=2918"}],"curies":[{"name":"wp","href":"https:\/\/api.w.org\/{rel}","templated":true}]}}