{"id":142,"date":"2011-08-04T14:31:31","date_gmt":"2011-08-04T14:31:31","guid":{"rendered":"http:\/\/www.weinstrassesued.com\/?page_id=142"},"modified":"2025-03-20T15:51:54","modified_gmt":"2025-03-20T14:51:54","slug":"impressum","status":"publish","type":"page","link":"http:\/\/www.weinstrassesued.com\/?page_id=142","title":{"rendered":"Impressum"},"content":{"rendered":"<p>SSV WEINSTRASSE S\u00dcD<br \/>\nClubhaus<br \/>\nBreitbach 24a<br \/>\nI-39040 Kurtatsch (BZ)<\/p>\n<p>MwSt. Nr. \/ Part. IVA 01461210211<br \/>\nSteuernummer \/ codice fiscale \u00a080009380215<\/p>\n<p>Pr\u00e4sident Stefan Gruber<br \/>\ninfo@weinstrassesued.com<\/p>\n<p>Safety Guard Hubert Paller<br \/>\ninfo@weinstrassesued.com<br \/>\nTel.:+393394181220<\/p>\n<p>Webmaster Ivi<br \/>\ninfo@weinstrassesued.com<br \/>\nTel.:+393488033330<\/p>\n<p><strong><br \/>\nHaftungsausschluss\/AGB&#8217;s\/Hinweise<\/strong><\/p>\n<p style=\"text-align: justify;\">1. Inhalt des Onlineangebotes<br \/>\nWir bem\u00fchen uns, auf dieser Website richtige und vollst\u00e4ndige Informationen zur Verf\u00fcgung zu stellen. Wir \u00fcbernehmen jedoch keine Haftung oder Garantie f\u00fcr die Aktualit\u00e4t, Richtigkeit und Vollst\u00e4ndigkeit der bereitgestellten Informationen. Wir behalten uns das Recht vor, ohne vorherige Ank\u00fcndigung \u00c4nderungen oder Erg\u00e4nzungen der bereitgestellten Informationen vorzunehmen.<\/p>\n<p style=\"text-align: justify;\">2. Verweise und Links<br \/>\nTrotz sorgf\u00e4ltiger inhaltlicher Kontrolle \u00fcbernehmen wir keine Haftung f\u00fcr die Inhalte externer Links. F\u00fcr den Inhalt der verlinkten Seiten sind ausschlie\u00dflich deren Betreiber verantwortlich.<\/p>\n","protected":false},"excerpt":{"rendered":"<p>SSV WEINSTRASSE S\u00dcD Clubhaus Breitbach 24a I-39040 Kurtatsch (BZ) MwSt. Nr. \/ Part. IVA 01461210211 Steuernummer \/ codice fiscale \u00a080009380215 Pr\u00e4sident Stefan Gruber info@weinstrassesued.com Safety Guard Hubert Paller info@weinstrassesued.com Tel.:+393394181220 Webmaster Ivi info@weinstrassesued.com Tel.:+393488033330 Haftungsausschluss\/AGB&#8217;s\/Hinweise 1. Inhalt des Onlineangebotes Wir bem\u00fchen uns, auf dieser Website richtige und vollst\u00e4ndige Informationen zur [&hellip;]<\/p>\n","protected":false},"author":1,"featured_media":0,"parent":0,"menu_order":0,"comment_status":"open","ping_status":"open","template":"","meta":[],"_links":{"self":[{"href":"http:\/\/www.weinstrassesued.com\/index.php?rest_route=\/wp\/v2\/pages\/142"}],"collection":[{"href":"http:\/\/www.weinstrassesued.com\/index.php?rest_route=\/wp\/v2\/pages"}],"about":[{"href":"http:\/\/www.weinstrassesued.com\/index.php?rest_route=\/wp\/v2\/types\/page"}],"author":[{"embeddable":true,"href":"http:\/\/www.weinstrassesued.com\/index.php?rest_route=\/wp\/v2\/users\/1"}],"replies":[{"embeddable":true,"href":"http:\/\/www.weinstrassesued.com\/index.php?rest_route=%2Fwp%2Fv2%2Fcomments&post=142"}],"version-history":[{"count":15,"href":"http:\/\/www.weinstrassesued.com\/index.php?rest_route=\/wp\/v2\/pages\/142\/revisions"}],"predecessor-version":[{"id":19861,"href":"http:\/\/www.weinstrassesued.com\/index.php?rest_route=\/wp\/v2\/pages\/142\/revisions\/19861"}],"wp:attachment":[{"href":"http:\/\/www.weinstrassesued.com\/index.php?rest_route=%2Fwp%2Fv2%2Fmedia&parent=142"}],"curies":[{"name":"wp","href":"https:\/\/api.w.org\/{rel}","templated":true}]}}