{"id":131,"date":"2011-08-04T14:19:53","date_gmt":"2011-08-04T14:19:53","guid":{"rendered":"http:\/\/www.weinstrassesued.com\/?page_id=131"},"modified":"2014-07-29T21:57:58","modified_gmt":"2014-07-29T19:57:58","slug":"links","status":"publish","type":"page","link":"http:\/\/www.weinstrassesued.com\/?page_id=131","title":{"rendered":"Links"},"content":{"rendered":"<p><a href=\"http:\/\/www.figctaa.it\/bz_ted\/classifiche.asp\">LEGA &#8211; Provinz Bozen &#8211; Fu\u00dfball<br \/>\n<\/a><a href=\"http:\/\/www.vss.bz.it\/index.php?id=19\">VSS &#8211; S\u00fcdtirol &#8211; Fu\u00dfball<br \/>\n<\/a><a href=\"http:\/\/www.dieantenne.it\/index.php?id=Fussball&amp;sport=Fussball\">Die Antenne<br \/>\n<\/a><a href=\"http:\/\/www.suspo.it\/index.php\">S\u00fcdtirol Sport<br \/>\n<\/a><a href=\"http:\/\/www.altoadigesport.it\/\">Sport S\u00fcdtirol\/Altoadige<\/a><\/p>\n<p><a href=\"http:\/\/de-de.facebook.com\/pages\/ASV-VAHRN-FUSSBALL\/126967643591\" target=\"_blank\"><br \/>\nFC Vahrn<\/a><br \/>\n<a href=\"http:\/\/neugries.it\/\" target=\"_blank\">FC Neugries<\/a><br \/>\n<a href=\"http:\/\/www.fcmerano.it\/ \" target=\"_blank\">ASV Meran<\/a><br \/>\n<a href=\"http:\/\/www.fcpauls.com\/\" target=\"_blank\">ASV St. Pauls<\/a><br \/>\n<a href=\"http:\/\/fc-stmartin.it\/fussball\/\" target=\"_blank\">FC St Martin in Passeier<\/a><br \/>\n<a href=\"http:\/\/www.virtusdonbosco.it\/\" target=\"_blank\">FC Virtus Don Bosco<br \/>\n<\/a><a href=\"http:\/\/www.asc-sarntal.it\/\">Sarntal Fu\u00dfball<br \/>\n<\/a><a href=\"http:\/\/de-de.facebook.com\/pages\/FC-Schenna\/103624847486\">Schenna<br \/>\n<\/a><a href=\"http:\/\/www.asv-latzfons.it\/de\/fussball.html\">Latzfons Verdings<\/a><br \/>\n<a href=\"http:\/\/www.sv-natz.info\/index.php?option=com_content&amp;view=article&amp;id=93%3Alinks&amp;catid=70%3Ainternationale-vereine&amp;Itemid=166&amp;lang=\">Natz<\/a><br \/>\n<a href=\"http:\/\/www.afc-terlan.com\">Terlan<br \/>\n<\/a><a href=\"http:\/\/www.svv.it\/\">Teis\/Villn\u00f6\u00df<br \/>\n<\/a><a href=\"http:\/\/www.afc-moos.it\/\">AFC Moos<br \/>\n<\/a><a href=\"http:\/\/de-de.facebook.com\/pages\/Bozner-Fc\/116390371752865\">Bozner FC<br \/>\n<\/a><a href=\"http:\/\/www.asvtramin.it\/deutsch\/home\/startseite.html\">ASV Tramin<br \/>\n<\/a><a href=\"http:\/\/www.ascplose.info\/\">ASC Plose<br \/>\n<\/a><a href=\"http:\/\/www.salornocalcio.it\/\">Salurn<\/a><br \/>\n<a href=\"http:\/\/www.afceppan.com\/\">AFC Eppan<\/a><br \/>\n<a href=\"http:\/\/auer-suedtirol.org\/vereine.php?verein=ASC%20Sektion%20Fu%DFball&amp;page=beschreibung\">ASC Auer<\/a><br \/>\n<a href=\"http:\/\/kaltern-fussball.com\/de\/home.html\">KSV Kaltern<br \/>\n<\/a><a href=\"http:\/\/www.ascstgeorgen.it\/\">ASC St. Georgen<br \/>\n<\/a><a href=\"http:\/\/www.ssvpichlgsies.com\/index.php?id=29\">SSV Pichl Gsies<br \/>\n<\/a><a href=\"http:\/\/www.asvmilland.it\/\">\u00a0ASV Milland<br \/>\n<\/a><a href=\"http:\/\/www.fcobermais.it\/\">AFC Obermais\u00a0<\/a><br \/>\n<a href=\"http:\/\/www.ssvnaturns.it\">SSV Naturns\u00a0<\/a><\/p>\n<p>&nbsp;<\/p>\n<p>&nbsp;<\/p>\n<p>&nbsp;<\/p>\n","protected":false},"excerpt":{"rendered":"<p>LEGA &#8211; Provinz Bozen &#8211; Fu\u00dfball VSS &#8211; S\u00fcdtirol &#8211; Fu\u00dfball Die Antenne S\u00fcdtirol Sport Sport S\u00fcdtirol\/Altoadige FC Vahrn FC Neugries ASV Meran ASV St. Pauls FC St Martin in Passeier FC Virtus Don Bosco Sarntal Fu\u00dfball Schenna Latzfons Verdings Natz Terlan Teis\/Villn\u00f6\u00df AFC Moos Bozner FC ASV Tramin ASC [&hellip;]<\/p>\n","protected":false},"author":1,"featured_media":1250,"parent":0,"menu_order":0,"comment_status":"open","ping_status":"open","template":"","meta":[],"_links":{"self":[{"href":"http:\/\/www.weinstrassesued.com\/index.php?rest_route=\/wp\/v2\/pages\/131"}],"collection":[{"href":"http:\/\/www.weinstrassesued.com\/index.php?rest_route=\/wp\/v2\/pages"}],"about":[{"href":"http:\/\/www.weinstrassesued.com\/index.php?rest_route=\/wp\/v2\/types\/page"}],"author":[{"embeddable":true,"href":"http:\/\/www.weinstrassesued.com\/index.php?rest_route=\/wp\/v2\/users\/1"}],"replies":[{"embeddable":true,"href":"http:\/\/www.weinstrassesued.com\/index.php?rest_route=%2Fwp%2Fv2%2Fcomments&post=131"}],"version-history":[{"count":27,"href":"http:\/\/www.weinstrassesued.com\/index.php?rest_route=\/wp\/v2\/pages\/131\/revisions"}],"predecessor-version":[{"id":13889,"href":"http:\/\/www.weinstrassesued.com\/index.php?rest_route=\/wp\/v2\/pages\/131\/revisions\/13889"}],"wp:featuredmedia":[{"embeddable":true,"href":"http:\/\/www.weinstrassesued.com\/index.php?rest_route=\/wp\/v2\/media\/1250"}],"wp:attachment":[{"href":"http:\/\/www.weinstrassesued.com\/index.php?rest_route=%2Fwp%2Fv2%2Fmedia&parent=131"}],"curies":[{"name":"wp","href":"https:\/\/api.w.org\/{rel}","templated":true}]}}